{"id":80,"date":"2025-02-04T12:37:39","date_gmt":"2025-02-04T11:37:39","guid":{"rendered":"http:\/\/boardcraft.eu\/index.php\/register\/"},"modified":"2025-02-04T12:37:39","modified_gmt":"2025-02-04T11:37:39","slug":"register","status":"publish","type":"page","link":"https:\/\/boardcraft.eu\/index.php\/en\/register\/","title":{"rendered":"Zarejestruj si\u0119"},"content":{"rendered":"\n<div class=\"um um-register um-74\">\n\t<div class=\"um-form\" data-mode=\"register\">\n\t\t<form method=\"post\" action=\"\">\n\t\t\t<div class=\"um-row _um_row_1 \" style=\"margin: 0 0 30px 0;\"><div class=\"um-col-1\"><div  id=\"um_field_74_user_login\" class=\"um-field um-field-text  um-field-user_login um-field-text um-field-type_text\" data-key=\"user_login\"><div class=\"um-field-label\"><label for=\"user_login-74\">Nazwa u\u017cytkownika<\/label><div class=\"um-clear\"><\/div><\/div><div class=\"um-field-area\"><input  autocomplete=\"off\" class=\"um-form-field valid \" type=\"text\" name=\"user_login-74\" id=\"user_login-74\" value=\"\" placeholder=\"\" data-validate=\"unique_username\" data-key=\"user_login\"  aria-invalid=\"false\" \/>\n\n\t\t\t\t\t\t<\/div><\/div><div  id=\"um_field_74_first_name\" class=\"um-field um-field-text  um-field-first_name um-field-text um-field-type_text\" data-key=\"first_name\"><div class=\"um-field-label\"><label for=\"first_name-74\">Imi\u0119<\/label><div class=\"um-clear\"><\/div><\/div><div class=\"um-field-area\"><input  autocomplete=\"off\" class=\"um-form-field valid \" type=\"text\" name=\"first_name-74\" id=\"first_name-74\" value=\"\" placeholder=\"\" data-validate=\"\" data-key=\"first_name\"  aria-invalid=\"false\" \/>\n\n\t\t\t\t\t\t<\/div><\/div><div  id=\"um_field_74_user_email\" class=\"um-field um-field-text  um-field-user_email um-field-text um-field-type_text\" data-key=\"user_email\"><div class=\"um-field-label\"><label for=\"user_email-74\">E-mail Address<\/label><div class=\"um-clear\"><\/div><\/div><div class=\"um-field-area\"><input  autocomplete=\"off\" class=\"um-form-field valid \" type=\"text\" name=\"user_email-74\" id=\"user_email-74\" value=\"\" placeholder=\"\" data-validate=\"unique_email\" data-key=\"user_email\"  aria-invalid=\"false\" \/>\n\n\t\t\t\t\t\t<\/div><\/div><div  id=\"um_field_74_user_password\" class=\"um-field um-field-password  um-field-user_password um-field-password um-field-type_password\" data-key=\"user_password\"><div class=\"um-field-label\"><label for=\"user_password-74\">Has\u0142o<\/label><div class=\"um-clear\"><\/div><\/div><div class=\"um-field-area\"><input class=\"um-form-field valid \" type=\"password\" name=\"user_password-74\" id=\"user_password-74\" value=\"\" placeholder=\"\" data-validate=\"\" data-key=\"user_password\"  aria-invalid=\"false\" \/>\n\n\t\t\t\t\t\t\t<\/div><\/div><div  id=\"um_field_74_confirm_user_password\" class=\"um-field um-field-password  um-field-user_password um-field-password um-field-type_password\" data-key=\"confirm_user_password\"><div class=\"um-field-label\"><label for=\"confirm_user_password-74\">Potwierd\u017a Has\u0142o<\/label><div class=\"um-clear\"><\/div><\/div><div class=\"um-field-area\"><input class=\"um-form-field valid \" type=\"password\" name=\"confirm_user_password-74\" id=\"confirm_user_password-74\" value=\"\" placeholder=\"Potwierd\u017a Has\u0142o\" data-validate=\"\" data-key=\"confirm_user_password\"  aria-invalid=\"false\" \/><\/div><\/div><div  id=\"um_field_74_country\" class=\"um-field um-field-select  um-field-country um-field-select um-field-type_select\" data-key=\"country\"><div class=\"um-field-label\"><label for=\"country-74\">Kraj<\/label><div class=\"um-clear\"><\/div><\/div><div class=\"um-field-area  \"><select data-default=\"\"     name=\"country\" id=\"country\" data-validate=\"\" data-key=\"country\" class=\"um-form-field valid um-s1 \" style=\"width: 100%\" data-placeholder=\"Wybierz kraj\"   aria-invalid=\"false\" ><option value=\"\"><\/option><option value=\"Afganistan\" >Afganistan<\/option><option value=\"Wyspy Alandzkie\" >Wyspy Alandzkie<\/option><option value=\"Albania\" >Albania<\/option><option value=\"Algieria\" >Algieria<\/option><option value=\"Samoa Ameryka\u0144skie\" >Samoa Ameryka\u0144skie<\/option><option value=\"Andora\" >Andora<\/option><option value=\"Angola\" >Angola<\/option><option value=\"Anguilla\" >Anguilla<\/option><option value=\"Antarktyda\" >Antarktyda<\/option><option value=\"Antigua i Barbuda\" >Antigua i Barbuda<\/option><option value=\"Argentyna\" >Argentyna<\/option><option value=\"Armenia\" >Armenia<\/option><option value=\"Aruba\" >Aruba<\/option><option value=\"Australia\" >Australia<\/option><option value=\"Austria\" >Austria<\/option><option value=\"Azerbejd\u017can\" >Azerbejd\u017can<\/option><option value=\"Bahamy\" >Bahamy<\/option><option value=\"Bahrajn\" >Bahrajn<\/option><option value=\"Bangladesz\" >Bangladesz<\/option><option value=\"Barbados\" >Barbados<\/option><option value=\"Bia\u0142oru\u015b\" >Bia\u0142oru\u015b<\/option><option value=\"Belgia\" >Belgia<\/option><option value=\"Belize\" >Belize<\/option><option value=\"Benin\" >Benin<\/option><option value=\"Bermudy\" >Bermudy<\/option><option value=\"Bhutan\" >Bhutan<\/option><option value=\"Wielonarodowe Pa\u0144stwo Boliwia\" >Wielonarodowe Pa\u0144stwo Boliwia<\/option><option value=\"Bo\u015bnia i Hercegowina\" >Bo\u015bnia i Hercegowina<\/option><option value=\"Botswana\" >Botswana<\/option><option value=\"Wyspa Bouveta\" >Wyspa Bouveta<\/option><option value=\"Brazylia\" >Brazylia<\/option><option value=\"Brytyjskie Terytorium Oceanu Indyjskiego\" >Brytyjskie Terytorium Oceanu Indyjskiego<\/option><option value=\"Pa\u0144stwo Brunei Darussalam\" >Pa\u0144stwo Brunei Darussalam<\/option><option value=\"Bu\u0142garia\" >Bu\u0142garia<\/option><option value=\"Burkina Faso\" >Burkina Faso<\/option><option value=\"Burundi\" >Burundi<\/option><option value=\"Kambod\u017ca\" >Kambod\u017ca<\/option><option value=\"Kamerun\" >Kamerun<\/option><option value=\"Kanada\" >Kanada<\/option><option value=\"Republika Zielonego Przyl\u0105dka\" >Republika Zielonego Przyl\u0105dka<\/option><option value=\"Kajmany\" >Kajmany<\/option><option value=\"Republika \u015arodkowoafryka\u0144ska\" >Republika \u015arodkowoafryka\u0144ska<\/option><option value=\"Czad\" >Czad<\/option><option value=\"Chile\" >Chile<\/option><option value=\"Chiny\" >Chiny<\/option><option value=\"Wyspa Bo\u017cego Narodzenia\" >Wyspa Bo\u017cego Narodzenia<\/option><option value=\"Wyspy Kokosowe\" >Wyspy Kokosowe<\/option><option value=\"Kolumbia\" >Kolumbia<\/option><option value=\"Komory\" >Komory<\/option><option value=\"Kongo\" >kongo<\/option><option value=\"Demokratyczna Republika Konga\" >Demokratyczna Republika Konga<\/option><option value=\"Wyspy Cooka\" >Wyspy Cooka<\/option><option value=\"Kostaryka\" >Kostaryka<\/option><option value=\"Wybrze\u017ce Ko\u015bci S\u0142oniowej\" >Wybrze\u017ce Ko\u015bci S\u0142oniowej<\/option><option value=\"Chorwacja\" >Chorwacja<\/option><option value=\"Kuba\" >Kuba<\/option><option value=\"Cypr\" >Cypr<\/option><option value=\"Republika Czeska\" >Republika Czeska<\/option><option value=\"Dania\" >Dania<\/option><option value=\"D\u017cibuti\" >D\u017cibuti<\/option><option value=\"Wsp\u00f3lnota Dominiki\" >Wsp\u00f3lnota Dominiki<\/option><option value=\"Republika Dominika\u0144ska\" >Republika Dominika\u0144ska<\/option><option value=\"Ekwador\" >Ekwador<\/option><option value=\"Egipt\" >Egipt<\/option><option value=\"Salwador\" >Salwador<\/option><option value=\"Gwinea R\u00f3wnikowa\" >Gwinea R\u00f3wnikowa<\/option><option value=\"Erytrea\" >Erytrea<\/option><option value=\"Estonia\" >Estonia<\/option><option value=\"Etiopia\" >Etiopia<\/option><option value=\"Falklandy\" >Falklandy<\/option><option value=\"Wyspy Owcze\" >Wyspy Owcze<\/option><option value=\"Fid\u017ci\" >Fid\u017ci<\/option><option value=\"Finlandia\" >Finlandia<\/option><option value=\"Francja\" >Francja<\/option><option value=\"Gujana Francuska\" >Gujana Francuska<\/option><option value=\"Polinezja Francuska\" >Polinezja Francuska<\/option><option value=\"Francuskie Terytoria Po\u0142udniowe\" >Francuskie Terytoria Po\u0142udniowe<\/option><option value=\"Gabon\" >Gabon<\/option><option value=\"Gambia\" >Gambia<\/option><option value=\"Sakartvelo\" >Sakartvelo<\/option><option value=\"Niemcy\" >Niemcy<\/option><option value=\"Ghana\" >Ghana<\/option><option value=\"Gibraltar\" >Gibraltar<\/option><option value=\"Grecja\" >Grecja<\/option><option value=\"Grenlandia\" >Grenlandia<\/option><option value=\"Grenada\" >Grenada<\/option><option value=\"Gwadelupa\" >Gwadelupa<\/option><option value=\"Guam\" >Guam<\/option><option value=\"Gwatemala\" >Gwatemala<\/option><option value=\"Guernsey\" >Guernsey<\/option><option value=\"Gwinea\" >Gwinea<\/option><option value=\"Gwinea Bissau\" >Gwinea Bissau<\/option><option value=\"Gujana\" >Gujana<\/option><option value=\"Haiti\" >Haiti<\/option><option value=\"Wyspy Heard i McDonald\" >Wyspy Heard i McDonald<\/option><option value=\"Stolica Apostolska\" >Stolica Apostolska<\/option><option value=\"Honduras\" >Honduras<\/option><option value=\"Hongkong\" >Hongkong<\/option><option value=\"W\u0119gry\" >W\u0119gry<\/option><option value=\"Islandia\" >Islandia<\/option><option value=\"Indie\" >Indie<\/option><option value=\"Indonezja\" >Indonezja<\/option><option value=\"Islamska Republika Iranu\" >Islamska Republika Iranu<\/option><option value=\"Irak\" >Irak<\/option><option value=\"Irlandia\" >Irlandia<\/option><option value=\"Wyspa Man\" >Wyspa Man<\/option><option value=\"Izrael\" >Izrael<\/option><option value=\"W\u0142ochy\" >W\u0142ochy<\/option><option value=\"Jamajka\" >Jamajka<\/option><option value=\"Japonia\" >Japonia<\/option><option value=\"Jersey\" >Jersey<\/option><option value=\"Jordania\" >Jordania<\/option><option value=\"Kazachstan\" >Kazachstan<\/option><option value=\"Kenia\" >Kenia<\/option><option value=\"Kiribati\" >Kiribati<\/option><option value=\"Korea\u0144ska Republika Ludowo-Demokratyczna\" >Korea\u0144ska Republika Ludowo-Demokratyczna<\/option><option value=\"Korea Po\u0142udniowa\" >Korea Po\u0142udniowa<\/option><option value=\"Kuwejt\" >Kuwejt<\/option><option value=\"Kirgistan\" >Kirgistan<\/option><option value=\"Laota\u0144ska Republika Ludowo-Demokratyczna\" >Laota\u0144ska Republika Ludowo-Demokratyczna<\/option><option value=\"\u0141otwa\" >\u0141otwa<\/option><option value=\"Liban\" >Liban<\/option><option value=\"Lesoto\" >Lesoto<\/option><option value=\"Liberia\" >Liberia<\/option><option value=\"Libia\" >Libia<\/option><option value=\"Liechtenstein\" >Liechtenstein<\/option><option value=\"Litwa\" >Litwa<\/option><option value=\"Luksemburg\" >Luksemburg<\/option><option value=\"Makau\" >Makau<\/option><option value=\"By\u0142a Jugos\u0142owia\u0144ska Republika Macedonii\" >By\u0142a Jugos\u0142owia\u0144ska Republika Macedonii<\/option><option value=\"Madagaskar\" >Madagaskar<\/option><option value=\"Malawi\" >Malawi<\/option><option value=\"Malezja\" >Malezja<\/option><option value=\"Malediwy\" >Malediwy<\/option><option value=\"Mali\" >Mali<\/option><option value=\"Malta\" >Malta<\/option><option value=\"Wyspy Marshalla\" >Wyspy Marshalla<\/option><option value=\"Martynika\" >Martynika<\/option><option value=\"Mauretania\" >Mauretania<\/option><option value=\"Mauritius\" >Mauritius<\/option><option value=\"Majotta\" >Majotta<\/option><option value=\"Meksyk\" >Meksyk<\/option><option value=\"Mikronezja\" >Mikronezja<\/option><option value=\"Mo\u0142dawia\" >Mo\u0142dawia<\/option><option value=\"Monako\" >Monako<\/option><option value=\"Mongolia\" >Mongolia<\/option><option value=\"Czarnog\u00f3ra\" >Czarnog\u00f3ra<\/option><option value=\"Montserrat\" >Montserrat<\/option><option value=\"Maroko\" >Maroko<\/option><option value=\"Mozambik\" >Mozambik<\/option><option value=\"Mjanma\" >Mjanma<\/option><option value=\"Namibia\" >Namibia<\/option><option value=\"Nauru\" >Nauru<\/option><option value=\"Nepal\" >Nepal<\/option><option value=\"Holandia\" >Holandia<\/option><option value=\"Antyle Holenderskie\" >Antyle Holenderskie<\/option><option value=\"Nowa Kaledonia\" >Nowa Kaledonia<\/option><option value=\"Nowa Zelandia\" >Nowa Zelandia<\/option><option value=\"Nikaragua\" >Nikaragua<\/option><option value=\"Niger\" >Niger<\/option><option value=\"Nigeria\" >Nigeria<\/option><option value=\"Niue\" >Niue<\/option><option value=\"Norfolk\" >Norfolk<\/option><option value=\"Mariany P\u00f3\u0142nocne\" >Mariany P\u00f3\u0142nocne<\/option><option value=\"Norwegia\" >Norwegia<\/option><option value=\"Oman\" >Oman<\/option><option value=\"Pakistan\" >Pakistan<\/option><option value=\"Palau\" >Palau<\/option><option value=\"Palestyna\" >Palestyna<\/option><option value=\"Panama\" >Panama<\/option><option value=\"Papua-Nowa Gwinea\" >Papua-Nowa Gwinea<\/option><option value=\"Paragwaj\" >Paragwaj<\/option><option value=\"Peru\" >Peru<\/option><option value=\"Filipiny\" >Filipiny<\/option><option value=\"Pitcairn\" >Pitcairn<\/option><option value=\"Polska\" >Polska<\/option><option value=\"Portugalia\" >Portugalia<\/option><option value=\"Portoryko\" >Portoryko<\/option><option value=\"Katar\" >Katar<\/option><option value=\"Reunion\" >Reunion<\/option><option value=\"Rumunia\" >Rumunia<\/option><option value=\"Rosja\" >Rosja<\/option><option value=\"Rwanda\" >Rwanda<\/option><option value=\"Saint-Barth\u00e9lemy\" >Saint-Barth\u00e9lemy<\/option><option value=\"Wyspa \u015awi\u0119tej Heleny\" >Wyspa \u015awi\u0119tej Heleny<\/option><option value=\"Saint Kitts i Nevis\" >Saint Kitts i Nevis<\/option><option value=\"Saint Lucia\" >Saint Lucia<\/option><option value=\"Saint-Martin\" >Saint-Martin<\/option><option value=\"Saint-Pierre i Miquelon\" >Saint-Pierre i Miquelon<\/option><option value=\"Saint Vincent i Grenadyny\" >Saint Vincent i Grenadyny<\/option><option value=\"Samoa\" >Samoa<\/option><option value=\"San Marino\" >San Marino<\/option><option value=\"Wyspy \u015awi\u0119tego Tomasza i Ksi\u0105\u017c\u0119ca\" >Wyspy \u015awi\u0119tego Tomasza i Ksi\u0105\u017c\u0119ca<\/option><option value=\"Arabia Saudyjska\" >Arabia Saudyjska<\/option><option value=\"Senegal\" >Senegal<\/option><option value=\"Serbia\" >Serbia<\/option><option value=\"Seszele\" >Seszele<\/option><option value=\"Sierra Leone\" >Sierra Leone<\/option><option value=\"Singapur\" >Singapur<\/option><option value=\"S\u0142owacja\" >S\u0142owacja<\/option><option value=\"S\u0142owenia\" >S\u0142owenia<\/option><option value=\"Wyspy Salomona\" >Wyspy Salomona<\/option><option value=\"Somalia\" >Somalia<\/option><option value=\"Republika Po\u0142udniowej Afryki\" >Republika Po\u0142udniowej Afryki<\/option><option value=\"Georgia Po\u0142udniowa i Sandwich Po\u0142udniowy\" >Georgia Po\u0142udniowa i Sandwich Po\u0142udniowy<\/option><option value=\"Sudan Po\u0142udniowy\" >Sudan Po\u0142udniowy<\/option><option value=\"Hiszpania\" >Hiszpania<\/option><option value=\"Sri Lanka\" >Sri Lanka<\/option><option value=\"Sudan\" >Sudan<\/option><option value=\"Surinam\" >Surinam<\/option><option value=\"Svalbard i Jan Mayen\" >Svalbard i Jan Mayen<\/option><option value=\"Eswatini\" >Eswatini<\/option><option value=\"Szwecja\" >Szwecja<\/option><option value=\"Szwajcaria\" >Szwajcaria<\/option><option value=\"Republika Syryjsko-Arabska\" >Republika Syryjsko-Arabska<\/option><option value=\"Tajwan, prowincja Chin\" >Tajwan, prowincja Chin<\/option><option value=\"Tad\u017cykistan\" >Tad\u017cykistan<\/option><option value=\"Zjednoczona Republika Tanzanii\" >Zjednoczona Republika Tanzanii<\/option><option value=\"Tajlandia\" >Tajlandia<\/option><option value=\"Timor Wschodni\" >Timor Wschodni<\/option><option value=\"Togo\" >Togo<\/option><option value=\"Tokelau\" >Tokelau<\/option><option value=\"tonga\" >tonga<\/option><option value=\"Trynidad i Tobago\" >Trynidad i Tobago<\/option><option value=\"Tunezja\" >Tunezja<\/option><option value=\"Turcja\" >Turcja<\/option><option value=\"Turkmenistan\" >Turkmenistan<\/option><option value=\"Turks i Caicos\" >Turks i Caicos<\/option><option value=\"Tuvalu\" >Tuvalu<\/option><option value=\"Uganda\" >Uganda<\/option><option value=\"Ukraina\" >Ukraina<\/option><option value=\"Zjednoczone Emiraty Arabskie\" >Zjednoczone Emiraty Arabskie<\/option><option value=\"Wielka Brytania\" >Wielka Brytania<\/option><option value=\"Stany Zjednoczone\" >Stany Zjednoczone<\/option><option value=\"Dalekie Wyspy Mniejsze Stan\u00f3w Zjednoczonych\" >Dalekie Wyspy Mniejsze Stan\u00f3w Zjednoczonych<\/option><option value=\"Urugwaj\" >Urugwaj<\/option><option value=\"Uzbekistan\" >Uzbekistan<\/option><option value=\"Vanuatu\" >Vanuatu<\/option><option value=\"Wenezuela, Republika Boliwii\" >Wenezuela, Republika Boliwii<\/option><option value=\"Wietnam\" >Wietnam<\/option><option value=\"Brytyjskie Wyspy Dziewicze\" >Brytyjskie Wyspy Dziewicze<\/option><option value=\"Wyspy Dziewicze Stan\u00f3w Zjednoczonych\" >Wyspy Dziewicze Stan\u00f3w Zjednoczonych<\/option><option value=\"Wallis i Futuna\" >Wallis i Futuna<\/option><option value=\"Sahara Zachodnia\" >Sahara Zachodnia<\/option><option value=\"Jemen\" >Jemen<\/option><option value=\"Zambia\" >Zambia<\/option><option value=\"Zimbabwe\" >Zimbabwe<\/option><\/select><\/div><\/div><\/div><\/div>\t\t<input type=\"hidden\" name=\"form_id\" id=\"form_id_74\" value=\"74\" \/>\n\t\n\t<p class=\"um_request_name\">\n\t\t<label for=\"um_request_74\">Only fill in if you are not human<\/label>\n\t\t<input type=\"hidden\" name=\"um_request\" id=\"um_request_74\" class=\"input\" value=\"\" size=\"25\" autocomplete=\"off\" \/>\n\t<\/p>\n\n\t<input type=\"hidden\" id=\"_wpnonce\" name=\"_wpnonce\" value=\"52fe192793\" \/><input type=\"hidden\" name=\"_wp_http_referer\" value=\"\/index.php\/wp-json\/wp\/v2\/pages\/80\" \/>\n<div class=\"g-recaptcha\" id=\"um-74\" data-mode=\"register\"><\/div>\n\n\n\t<div class=\"um-col-alt\">\n\n\t\t\n\t\t\t<div class=\"um-left um-half\">\n\t\t\t\t<input type=\"submit\" value=\"Zarejestruj si\u0119\" class=\"um-button\" id=\"um-submit-btn\" \/>\n\t\t\t<\/div>\n\t\t\t<div class=\"um-right um-half\">\n\t\t\t\t<a href=\"https:\/\/boardcraft.eu\/index.php\/en\/login\/\" class=\"um-button um-alt\">\n\t\t\t\t\tLogowanie\t\t\t\t<\/a>\n\t\t\t<\/div>\n\n\t\t\n\t\t<div class=\"um-clear\"><\/div>\n\n\t<\/div>\n\n\t\t\t<\/form>\n\t<\/div>\n<\/div>\n<style>\n\t\t\t.um-74.um {\n\t\t\tmax-width: 450px;\n\t\t}\n\t\t<\/style>\n\n","protected":false},"excerpt":{"rendered":"","protected":false},"author":1,"featured_media":0,"parent":0,"menu_order":0,"comment_status":"closed","ping_status":"closed","template":"","meta":{"footnotes":""},"class_list":["post-80","page","type-page","status-publish","hentry"],"_links":{"self":[{"href":"https:\/\/boardcraft.eu\/index.php\/wp-json\/wp\/v2\/pages\/80","targetHints":{"allow":["GET"]}}],"collection":[{"href":"https:\/\/boardcraft.eu\/index.php\/wp-json\/wp\/v2\/pages"}],"about":[{"href":"https:\/\/boardcraft.eu\/index.php\/wp-json\/wp\/v2\/types\/page"}],"author":[{"embeddable":true,"href":"https:\/\/boardcraft.eu\/index.php\/wp-json\/wp\/v2\/users\/1"}],"replies":[{"embeddable":true,"href":"https:\/\/boardcraft.eu\/index.php\/wp-json\/wp\/v2\/comments?post=80"}],"version-history":[{"count":0,"href":"https:\/\/boardcraft.eu\/index.php\/wp-json\/wp\/v2\/pages\/80\/revisions"}],"wp:attachment":[{"href":"https:\/\/boardcraft.eu\/index.php\/wp-json\/wp\/v2\/media?parent=80"}],"curies":[{"name":"wp","href":"https:\/\/api.w.org\/{rel}","templated":true}]}}